{"id":81,"date":"2025-02-02T10:28:39","date_gmt":"2025-02-02T09:28:39","guid":{"rendered":"https:\/\/www.bredaror.se\/?page_id=81"},"modified":"2026-03-10T12:41:51","modified_gmt":"2026-03-10T11:41:51","slug":"skolor-och-grupper","status":"publish","type":"page","link":"https:\/\/www.bredaror.se\/index.php\/skolor-och-grupper\/","title":{"rendered":"Skolor och grupper"},"content":{"rendered":"\n<p>P\u00e5 grund av gravkammarens och omr\u00e5dets storlek \u00e4r antalet bes\u00f6kare begr\u00e4nsade och d\u00e4rf\u00f6r m\u00e5ste ert bes\u00f6k p\u00e5 Kiviksgraven bokas minst 14 dagar i f\u00f6rv\u00e4g. Allt f\u00f6r att er upplevelse ska bli s\u00e5 bra som m\u00f6jligt. <\/p>\n\n\n\n<h1 class=\"wp-block-heading\">Schools and groups<\/h1>\n\n\n\n<p>Due to the size of the burial chamber and the surrounding area, the number of visitors is limited. Therefore, your visit to the Kivik Grave must be booked at least 14 days in advance, in order to ensure the best possible experience.<\/p>\n\n\n\n<p class=\"has-large-font-size\"><strong>Skolor &amp; ungdomsgrupper<\/strong><\/p>\n\n\n\n<p>Skolor f\u00e5r tilltr\u00e4de till omr\u00e5det och gravkammaren endast om man bokat sitt bes\u00f6k. Bes\u00f6ket tar ca 1 timme, guidning ca 40 minuter, och i priset ing\u00e5r en arkeolog som guide.  Vi visar f\u00f6rem\u00e5l, kl\u00e4der, och &#8221;befolkar&#8221; platsen utifr\u00e5n er klass f\u00f6ruts\u00e4ttningar. <\/p>\n\n\n\n<p>Skolbes\u00f6k g\u00e5r att boka m\u00e5ndag, tisdag och onsdag i maj samt m\u00e5ndag och tisdag i juni. Bokningen m\u00e5ste ske senast 14 dagar f\u00f6re t\u00e4nkt bes\u00f6k. Vi l\u00e5ter inte skolor bes\u00f6ka omr\u00e5det och graven utan guide. <\/p>\n\n\n\n<p>Minsta antal elever: 10 st<\/p>\n\n\n\n<p>Max antal per guidning, 30 elever. <\/p>\n\n\n\n<p>Pris: 45 kr\/elev. <\/p>\n\n\n\n<p>Boka p\u00e5 <a href=\"http:\/\/mailto;info@bredaror.se\">e-post<\/a><\/p>\n\n\n\n<h1 class=\"wp-block-heading\"><strong>Schools and youth groups<\/strong><\/h1>\n\n\n\n<p><em>Schools are granted access to the area and the burial chamber only if the visit has been booked in advance.<br>The visit lasts approximately one hour, with about 40 minutes of guided tour, and the price includes an archaeologist as a guide.<br>We show artefacts, clothing, and \u201cpopulate\u201d the site based on the conditions and age of your class.<\/em><\/p>\n\n\n\n<p><em>School visits can be booked on Mondays, Tuesdays, and Wednesdays in May, and on Mondays and Tuesdays in June.<br>Bookings must be made no later than 14 days prior to the planned visit. Schools are not allowed to visit the area or the grave without a guide.<\/em><\/p>\n\n\n\n<p><em>Minimum number of students: 10<br>Maximum number per guided tour: 30 students<\/em><\/p>\n\n\n\n<p><em>Price: SEK 45 per student.<\/em><\/p>\n\n\n\n<p>Book on<a href=\"http:\/\/mailto;info@bredaror.se\" type=\"link\" id=\"mailto;info@bredaror.se\"> e-mail<\/a><\/p>\n\n\n\n<p><\/p>\n\n\n\n<p class=\"has-large-font-size\">\u00d6vriga grupper<\/p>\n\n\n\n<p>Grupper kan v\u00e4lja med eller utan guide men m\u00e5ste boka in sitt bes\u00f6k minst 14 dagar i f\u00f6rv\u00e4g. En grupp \u00e4r 10 personer eller fler. <\/p>\n\n\n\n<p>Minst antal f\u00f6r gruppris: 10 personer<\/p>\n\n\n\n<p>Max antal per guidning 30 personer<\/p>\n\n\n\n<p>Pris med guidning: 95 kr\/person<\/p>\n\n\n\n<p>Gruppris utan guide: 45 kr\/person om alla betalar var f\u00f6r sig, 40 kr\/person om allt betalas som klumpsumma.<\/p>\n\n\n\n<p>Boka p\u00e5 <a href=\"http:\/\/mailto;info@bredaror.se\">epost<\/a><\/p>\n\n\n\n<h1 class=\"wp-block-heading\">Other groups<\/h1>\n\n\n\n<p><em>Groups may choose to visit with or without a guide, but the visit must be booked at least 14 days in advance. A group consists of 10 people or more.<\/em><\/p>\n\n\n\n<p><em>Minimum number for group rate: 10 people<br>Maximum number per guided tour: 30 people<\/em><\/p>\n\n\n\n<p><em>Price with guided tour: SEK 95 per person<\/em><\/p>\n\n\n\n<p><em>Group rate without a guide: SEK 45 per person if everyone pays individually, SEK 40 per person if the total amount is paid as a lump sum.<\/em><\/p>\n\n\n\n<p>Book on<a href=\"http:\/\/mailto;info@bredaror.se\" type=\"link\" id=\"mailto;info@bredaror.se\"> e-mail<\/a><\/p>\n","protected":false},"excerpt":{"rendered":"<p>P\u00e5 grund av gravkammarens och omr\u00e5dets storlek \u00e4r antalet bes\u00f6kare begr\u00e4nsade och d\u00e4rf\u00f6r m\u00e5ste ert bes\u00f6k p\u00e5 Kiviksgraven bokas minst 14 dagar i f\u00f6rv\u00e4g. Allt f\u00f6r att er upplevelse ska bli s\u00e5 bra som m\u00f6jligt. Schools and groups Due to the size of the burial <span class=\"more-button\"><a class=\"button-minimal\" href=\"https:\/\/www.bredaror.se\/index.php\/skolor-och-grupper\/\">L\u00e4s mer \u2026<\/a><\/span><\/p>\n","protected":false},"author":1,"featured_media":82,"parent":0,"menu_order":0,"comment_status":"closed","ping_status":"closed","template":"","meta":{"om_disable_all_campaigns":false,"footnotes":""},"class_list":["post-81","page","type-page","status-publish","has-post-thumbnail","hentry"],"yoast_head":"<!-- This site is optimized with the Yoast SEO plugin v27.1.1 - https:\/\/yoast.com\/product\/yoast-seo-wordpress\/ -->\n<title>Skolor och grupper - Bredar\u00f6r Kiviksgraven Kungagraven<\/title>\n<meta name=\"robots\" content=\"index, follow, max-snippet:-1, max-image-preview:large, max-video-preview:-1\" \/>\n<link rel=\"canonical\" href=\"https:\/\/www.bredaror.se\/index.php\/skolor-och-grupper\/\" \/>\n<meta property=\"og:locale\" content=\"sv_SE\" \/>\n<meta property=\"og:type\" content=\"article\" \/>\n<meta property=\"og:title\" content=\"Skolor och grupper - Bredar\u00f6r Kiviksgraven Kungagraven\" \/>\n<meta property=\"og:description\" content=\"P\u00e5 grund av gravkammarens och omr\u00e5dets storlek \u00e4r antalet bes\u00f6kare begr\u00e4nsade och d\u00e4rf\u00f6r m\u00e5ste ert bes\u00f6k p\u00e5 Kiviksgraven bokas minst 14 dagar i f\u00f6rv\u00e4g. Allt f\u00f6r att er upplevelse ska bli s\u00e5 bra som m\u00f6jligt. Schools and groups Due to the size of the burial L\u00e4s mer \u2026\" \/>\n<meta property=\"og:url\" content=\"https:\/\/www.bredaror.se\/index.php\/skolor-och-grupper\/\" \/>\n<meta property=\"og:site_name\" content=\"Bredar\u00f6r Kiviksgraven Kungagraven\" \/>\n<meta property=\"article:publisher\" content=\"https:\/\/facebook.com\/bredaror\" \/>\n<meta property=\"article:modified_time\" content=\"2026-03-10T11:41:51+00:00\" \/>\n<meta property=\"og:image\" content=\"https:\/\/www.bredaror.se\/wp-content\/uploads\/2025\/02\/WP_20171023_09_40_08_Pro-scaled.jpg\" \/>\n\t<meta property=\"og:image:width\" content=\"2560\" \/>\n\t<meta property=\"og:image:height\" content=\"1441\" \/>\n\t<meta property=\"og:image:type\" content=\"image\/jpeg\" \/>\n<meta name=\"twitter:card\" content=\"summary_large_image\" \/>\n<meta name=\"twitter:label1\" content=\"Ber\u00e4knad l\u00e4stid\" \/>\n\t<meta name=\"twitter:data1\" content=\"3 minuter\" \/>\n<script type=\"application\/ld+json\" class=\"yoast-schema-graph\">{\"@context\":\"https:\/\/schema.org\",\"@graph\":[{\"@type\":\"WebPage\",\"@id\":\"https:\/\/www.bredaror.se\/index.php\/skolor-och-grupper\/\",\"url\":\"https:\/\/www.bredaror.se\/index.php\/skolor-och-grupper\/\",\"name\":\"Skolor och grupper - Bredar\u00f6r Kiviksgraven Kungagraven\",\"isPartOf\":{\"@id\":\"https:\/\/www.bredaror.se\/#website\"},\"primaryImageOfPage\":{\"@id\":\"https:\/\/www.bredaror.se\/index.php\/skolor-och-grupper\/#primaryimage\"},\"image\":{\"@id\":\"https:\/\/www.bredaror.se\/index.php\/skolor-och-grupper\/#primaryimage\"},\"thumbnailUrl\":\"https:\/\/www.bredaror.se\/wp-content\/uploads\/2025\/02\/WP_20171023_09_40_08_Pro-scaled.jpg\",\"datePublished\":\"2025-02-02T09:28:39+00:00\",\"dateModified\":\"2026-03-10T11:41:51+00:00\",\"breadcrumb\":{\"@id\":\"https:\/\/www.bredaror.se\/index.php\/skolor-och-grupper\/#breadcrumb\"},\"inLanguage\":\"sv-SE\",\"potentialAction\":[{\"@type\":\"ReadAction\",\"target\":[\"https:\/\/www.bredaror.se\/index.php\/skolor-och-grupper\/\"]}]},{\"@type\":\"ImageObject\",\"inLanguage\":\"sv-SE\",\"@id\":\"https:\/\/www.bredaror.se\/index.php\/skolor-och-grupper\/#primaryimage\",\"url\":\"https:\/\/www.bredaror.se\/wp-content\/uploads\/2025\/02\/WP_20171023_09_40_08_Pro-scaled.jpg\",\"contentUrl\":\"https:\/\/www.bredaror.se\/wp-content\/uploads\/2025\/02\/WP_20171023_09_40_08_Pro-scaled.jpg\",\"width\":2560,\"height\":1441},{\"@type\":\"BreadcrumbList\",\"@id\":\"https:\/\/www.bredaror.se\/index.php\/skolor-och-grupper\/#breadcrumb\",\"itemListElement\":[{\"@type\":\"ListItem\",\"position\":1,\"name\":\"Hem\",\"item\":\"https:\/\/www.bredaror.se\/\"},{\"@type\":\"ListItem\",\"position\":2,\"name\":\"Skolor och grupper\"}]},{\"@type\":\"WebSite\",\"@id\":\"https:\/\/www.bredaror.se\/#website\",\"url\":\"https:\/\/www.bredaror.se\/\",\"name\":\"Bredar\u00f6r Kiviksgraven Kungagraven\",\"description\":\"\",\"publisher\":{\"@id\":\"https:\/\/www.bredaror.se\/#organization\"},\"potentialAction\":[{\"@type\":\"SearchAction\",\"target\":{\"@type\":\"EntryPoint\",\"urlTemplate\":\"https:\/\/www.bredaror.se\/?s={search_term_string}\"},\"query-input\":{\"@type\":\"PropertyValueSpecification\",\"valueRequired\":true,\"valueName\":\"search_term_string\"}}],\"inLanguage\":\"sv-SE\"},{\"@type\":\"Organization\",\"@id\":\"https:\/\/www.bredaror.se\/#organization\",\"name\":\"Bredar\u00f6r Kiviksgraven Kungagraven\",\"url\":\"https:\/\/www.bredaror.se\/\",\"logo\":{\"@type\":\"ImageObject\",\"inLanguage\":\"sv-SE\",\"@id\":\"https:\/\/www.bredaror.se\/#\/schema\/logo\/image\/\",\"url\":\"https:\/\/www.bredaror.se\/wp-content\/uploads\/2024\/09\/cropped-Rod-logga-1.jpg\",\"contentUrl\":\"https:\/\/www.bredaror.se\/wp-content\/uploads\/2024\/09\/cropped-Rod-logga-1.jpg\",\"width\":250,\"height\":158,\"caption\":\"Bredar\u00f6r Kiviksgraven Kungagraven\"},\"image\":{\"@id\":\"https:\/\/www.bredaror.se\/#\/schema\/logo\/image\/\"},\"sameAs\":[\"https:\/\/facebook.com\/bredaror\",\"http:\/\/instagram.com\/kiviksgraven\"]}]}<\/script>\n<!-- \/ Yoast SEO plugin. -->","yoast_head_json":{"title":"Skolor och grupper - Bredar\u00f6r Kiviksgraven Kungagraven","robots":{"index":"index","follow":"follow","max-snippet":"max-snippet:-1","max-image-preview":"max-image-preview:large","max-video-preview":"max-video-preview:-1"},"canonical":"https:\/\/www.bredaror.se\/index.php\/skolor-och-grupper\/","og_locale":"sv_SE","og_type":"article","og_title":"Skolor och grupper - Bredar\u00f6r Kiviksgraven Kungagraven","og_description":"P\u00e5 grund av gravkammarens och omr\u00e5dets storlek \u00e4r antalet bes\u00f6kare begr\u00e4nsade och d\u00e4rf\u00f6r m\u00e5ste ert bes\u00f6k p\u00e5 Kiviksgraven bokas minst 14 dagar i f\u00f6rv\u00e4g. Allt f\u00f6r att er upplevelse ska bli s\u00e5 bra som m\u00f6jligt. Schools and groups Due to the size of the burial L\u00e4s mer \u2026","og_url":"https:\/\/www.bredaror.se\/index.php\/skolor-och-grupper\/","og_site_name":"Bredar\u00f6r Kiviksgraven Kungagraven","article_publisher":"https:\/\/facebook.com\/bredaror","article_modified_time":"2026-03-10T11:41:51+00:00","og_image":[{"width":2560,"height":1441,"url":"https:\/\/www.bredaror.se\/wp-content\/uploads\/2025\/02\/WP_20171023_09_40_08_Pro-scaled.jpg","type":"image\/jpeg"}],"twitter_card":"summary_large_image","twitter_misc":{"Ber\u00e4knad l\u00e4stid":"3 minuter"},"schema":{"@context":"https:\/\/schema.org","@graph":[{"@type":"WebPage","@id":"https:\/\/www.bredaror.se\/index.php\/skolor-och-grupper\/","url":"https:\/\/www.bredaror.se\/index.php\/skolor-och-grupper\/","name":"Skolor och grupper - Bredar\u00f6r Kiviksgraven Kungagraven","isPartOf":{"@id":"https:\/\/www.bredaror.se\/#website"},"primaryImageOfPage":{"@id":"https:\/\/www.bredaror.se\/index.php\/skolor-och-grupper\/#primaryimage"},"image":{"@id":"https:\/\/www.bredaror.se\/index.php\/skolor-och-grupper\/#primaryimage"},"thumbnailUrl":"https:\/\/www.bredaror.se\/wp-content\/uploads\/2025\/02\/WP_20171023_09_40_08_Pro-scaled.jpg","datePublished":"2025-02-02T09:28:39+00:00","dateModified":"2026-03-10T11:41:51+00:00","breadcrumb":{"@id":"https:\/\/www.bredaror.se\/index.php\/skolor-och-grupper\/#breadcrumb"},"inLanguage":"sv-SE","potentialAction":[{"@type":"ReadAction","target":["https:\/\/www.bredaror.se\/index.php\/skolor-och-grupper\/"]}]},{"@type":"ImageObject","inLanguage":"sv-SE","@id":"https:\/\/www.bredaror.se\/index.php\/skolor-och-grupper\/#primaryimage","url":"https:\/\/www.bredaror.se\/wp-content\/uploads\/2025\/02\/WP_20171023_09_40_08_Pro-scaled.jpg","contentUrl":"https:\/\/www.bredaror.se\/wp-content\/uploads\/2025\/02\/WP_20171023_09_40_08_Pro-scaled.jpg","width":2560,"height":1441},{"@type":"BreadcrumbList","@id":"https:\/\/www.bredaror.se\/index.php\/skolor-och-grupper\/#breadcrumb","itemListElement":[{"@type":"ListItem","position":1,"name":"Hem","item":"https:\/\/www.bredaror.se\/"},{"@type":"ListItem","position":2,"name":"Skolor och grupper"}]},{"@type":"WebSite","@id":"https:\/\/www.bredaror.se\/#website","url":"https:\/\/www.bredaror.se\/","name":"Bredar\u00f6r Kiviksgraven Kungagraven","description":"","publisher":{"@id":"https:\/\/www.bredaror.se\/#organization"},"potentialAction":[{"@type":"SearchAction","target":{"@type":"EntryPoint","urlTemplate":"https:\/\/www.bredaror.se\/?s={search_term_string}"},"query-input":{"@type":"PropertyValueSpecification","valueRequired":true,"valueName":"search_term_string"}}],"inLanguage":"sv-SE"},{"@type":"Organization","@id":"https:\/\/www.bredaror.se\/#organization","name":"Bredar\u00f6r Kiviksgraven Kungagraven","url":"https:\/\/www.bredaror.se\/","logo":{"@type":"ImageObject","inLanguage":"sv-SE","@id":"https:\/\/www.bredaror.se\/#\/schema\/logo\/image\/","url":"https:\/\/www.bredaror.se\/wp-content\/uploads\/2024\/09\/cropped-Rod-logga-1.jpg","contentUrl":"https:\/\/www.bredaror.se\/wp-content\/uploads\/2024\/09\/cropped-Rod-logga-1.jpg","width":250,"height":158,"caption":"Bredar\u00f6r Kiviksgraven Kungagraven"},"image":{"@id":"https:\/\/www.bredaror.se\/#\/schema\/logo\/image\/"},"sameAs":["https:\/\/facebook.com\/bredaror","http:\/\/instagram.com\/kiviksgraven"]}]}},"_links":{"self":[{"href":"https:\/\/www.bredaror.se\/index.php\/wp-json\/wp\/v2\/pages\/81","targetHints":{"allow":["GET"]}}],"collection":[{"href":"https:\/\/www.bredaror.se\/index.php\/wp-json\/wp\/v2\/pages"}],"about":[{"href":"https:\/\/www.bredaror.se\/index.php\/wp-json\/wp\/v2\/types\/page"}],"author":[{"embeddable":true,"href":"https:\/\/www.bredaror.se\/index.php\/wp-json\/wp\/v2\/users\/1"}],"replies":[{"embeddable":true,"href":"https:\/\/www.bredaror.se\/index.php\/wp-json\/wp\/v2\/comments?post=81"}],"version-history":[{"count":5,"href":"https:\/\/www.bredaror.se\/index.php\/wp-json\/wp\/v2\/pages\/81\/revisions"}],"predecessor-version":[{"id":132,"href":"https:\/\/www.bredaror.se\/index.php\/wp-json\/wp\/v2\/pages\/81\/revisions\/132"}],"wp:featuredmedia":[{"embeddable":true,"href":"https:\/\/www.bredaror.se\/index.php\/wp-json\/wp\/v2\/media\/82"}],"wp:attachment":[{"href":"https:\/\/www.bredaror.se\/index.php\/wp-json\/wp\/v2\/media?parent=81"}],"curies":[{"name":"wp","href":"https:\/\/api.w.org\/{rel}","templated":true}]}}