{"id":41,"date":"2024-09-04T11:18:45","date_gmt":"2024-09-04T09:18:45","guid":{"rendered":"https:\/\/www.bredaror.se\/?page_id=41"},"modified":"2026-04-18T15:44:05","modified_gmt":"2026-04-18T13:44:05","slug":"oppettider-och-priser","status":"publish","type":"page","link":"https:\/\/www.bredaror.se\/index.php\/oppettider-och-priser\/","title":{"rendered":"\u00d6ppettider och priser"},"content":{"rendered":"\n<p class=\"has-normal-font-size\"><strong>Skolor och grupper m\u00e5ste f\u00f6rboka<\/strong> &#8211; <strong><a href=\"https:\/\/www.bredaror.se\/index.php\/skolor-och-grupper\/\" data-type=\"page\" data-id=\"81\">tryck h\u00e4r<\/a><\/strong><\/p>\n\n\n\n<div class=\"wp-block-group is-layout-grid wp-container-core-group-is-layout-9649a0d9 wp-block-group-is-layout-grid\">\n<p class=\"has-black-color has-text-color has-link-color wp-elements-d50c2f88540c37a72ecde59870d21cd1 wp-container-content-e29552f7\"><strong>Vuxen\/Adult <\/strong><br>f.o.m16 \u00e5r och upp\/ <em>from 16 years and upwards<\/em><\/p>\n\n\n\n<p class=\"has-text-align-center\"><strong>45 kr<\/strong><\/p>\n<\/div>\n\n\n\n<div class=\"wp-block-group is-layout-grid wp-container-core-group-is-layout-9649a0d9 wp-block-group-is-layout-grid\">\n<p class=\"wp-container-content-e29552f7\"><strong>Barn\/Children <\/strong><br>Till och med 15 \u00e5r\/<em>Up to and including 15 years, <\/em><br>max 2 barn\/vuxen\/<em>Maximum 2 kids\/adult<\/em><\/p>\n\n\n\n<p class=\"has-text-align-center\"><strong>Gratis\/Free<\/strong><\/p>\n<\/div>\n\n\n\n<div class=\"wp-block-group is-layout-grid wp-container-core-group-is-layout-9649a0d9 wp-block-group-is-layout-grid\">\n<p class=\"wp-container-content-e29552f7\"><strong>Skolbes\u00f6k\/Schools&nbsp; <\/strong><br>M\u00e5ste f\u00f6rbokas\/Must be prebooked<\/p>\n\n\n\n<p class=\"has-text-align-center\"><strong><a href=\"https:\/\/www.bredaror.se\/index.php\/skolor-och-grupper\/\">L\u00e4s mer\/Read more<\/a><\/strong><\/p>\n<\/div>\n\n\n\n<div class=\"wp-block-group is-layout-grid wp-container-core-group-is-layout-9649a0d9 wp-block-group-is-layout-grid\">\n<p class=\"wp-container-content-e29552f7\"><strong>Grupper\/Groups <\/strong><br>M\u00e5ste f\u00f6rbokas\/<em>Must be preebooked,<\/em> minst 10 betalande\/<em>Minimum of 10 paying customers<\/em>, totalen betalas av en deltagare\/<em>The total amount is paid by one participant<\/em><\/p>\n\n\n\n<div class=\"wp-block-group is-layout-grid wp-container-core-group-is-layout-9649a0d9 wp-block-group-is-layout-grid\">\n<p class=\"has-text-align-center\"><strong><a href=\"https:\/\/www.bredaror.se\/index.php\/skolor-och-grupper\/\">L\u00e4s mer\/Read more<\/a><\/strong><\/p>\n<\/div>\n<\/div>\n\n\n\n<hr class=\"wp-block-separator has-alpha-channel-opacity is-style-dots\"\/>\n\n\n\n<hr class=\"wp-block-separator has-alpha-channel-opacity\"\/>\n\n\n\n<h4 class=\"wp-block-heading\">\u00d6ppettider 2026<\/h4>\n\n\n\n<figure class=\"wp-block-image size-full\"><img loading=\"lazy\" decoding=\"async\" width=\"565\" height=\"650\" src=\"https:\/\/www.bredaror.se\/wp-content\/uploads\/2026\/04\/Oppettider-5.emf_.jpg\" alt=\"\" class=\"wp-image-151\" srcset=\"https:\/\/www.bredaror.se\/wp-content\/uploads\/2026\/04\/Oppettider-5.emf_.jpg 565w, https:\/\/www.bredaror.se\/wp-content\/uploads\/2026\/04\/Oppettider-5.emf_-261x300.jpg 261w\" sizes=\"auto, (max-width: 565px) 100vw, 565px\" \/><\/figure>\n","protected":false},"excerpt":{"rendered":"<p>Skolor och grupper m\u00e5ste f\u00f6rboka &#8211; tryck h\u00e4r Vuxen\/Adult f.o.m16 \u00e5r och upp\/ from 16 years and upwards 45 kr Barn\/Children Till och med 15 \u00e5r\/Up to and including 15 years, max 2 barn\/vuxen\/Maximum 2 kids\/adult Gratis\/Free Skolbes\u00f6k\/Schools&nbsp; M\u00e5ste f\u00f6rbokas\/Must be prebooked L\u00e4s mer\/Read more <span class=\"more-button\"><a class=\"button-minimal\" href=\"https:\/\/www.bredaror.se\/index.php\/oppettider-och-priser\/\">L\u00e4s mer \u2026<\/a><\/span><\/p>\n","protected":false},"author":1,"featured_media":0,"parent":0,"menu_order":0,"comment_status":"closed","ping_status":"closed","template":"","meta":{"om_disable_all_campaigns":false,"footnotes":""},"class_list":["post-41","page","type-page","status-publish","hentry"],"yoast_head":"<!-- This site is optimized with the Yoast SEO plugin v27.1.1 - https:\/\/yoast.com\/product\/yoast-seo-wordpress\/ -->\n<title>\u00d6ppettider och priser - Bredar\u00f6r Kiviksgraven Kungagraven<\/title>\n<meta name=\"robots\" content=\"index, follow, max-snippet:-1, max-image-preview:large, max-video-preview:-1\" \/>\n<link rel=\"canonical\" href=\"https:\/\/www.bredaror.se\/index.php\/oppettider-och-priser\/\" \/>\n<meta property=\"og:locale\" content=\"sv_SE\" \/>\n<meta property=\"og:type\" content=\"article\" \/>\n<meta property=\"og:title\" content=\"\u00d6ppettider och priser - Bredar\u00f6r Kiviksgraven Kungagraven\" \/>\n<meta property=\"og:description\" content=\"Skolor och grupper m\u00e5ste f\u00f6rboka &#8211; tryck h\u00e4r Vuxen\/Adult f.o.m16 \u00e5r och upp\/ from 16 years and upwards 45 kr Barn\/Children Till och med 15 \u00e5r\/Up to and including 15 years, max 2 barn\/vuxen\/Maximum 2 kids\/adult Gratis\/Free Skolbes\u00f6k\/Schools&nbsp; M\u00e5ste f\u00f6rbokas\/Must be prebooked L\u00e4s mer\/Read more L\u00e4s mer \u2026\" \/>\n<meta property=\"og:url\" content=\"https:\/\/www.bredaror.se\/index.php\/oppettider-och-priser\/\" \/>\n<meta property=\"og:site_name\" content=\"Bredar\u00f6r Kiviksgraven Kungagraven\" \/>\n<meta property=\"article:publisher\" content=\"https:\/\/facebook.com\/bredaror\" \/>\n<meta property=\"article:modified_time\" content=\"2026-04-18T13:44:05+00:00\" \/>\n<meta property=\"og:image\" content=\"https:\/\/www.bredaror.se\/wp-content\/uploads\/2026\/04\/Oppettider-5.emf_.jpg\" \/>\n\t<meta property=\"og:image:width\" content=\"565\" \/>\n\t<meta property=\"og:image:height\" content=\"650\" \/>\n\t<meta property=\"og:image:type\" content=\"image\/jpeg\" \/>\n<meta name=\"twitter:card\" content=\"summary_large_image\" \/>\n<meta name=\"twitter:label1\" content=\"Ber\u00e4knad l\u00e4stid\" \/>\n\t<meta name=\"twitter:data1\" content=\"1 minut\" \/>\n<script type=\"application\/ld+json\" class=\"yoast-schema-graph\">{\"@context\":\"https:\/\/schema.org\",\"@graph\":[{\"@type\":\"WebPage\",\"@id\":\"https:\/\/www.bredaror.se\/index.php\/oppettider-och-priser\/\",\"url\":\"https:\/\/www.bredaror.se\/index.php\/oppettider-och-priser\/\",\"name\":\"\u00d6ppettider och priser - Bredar\u00f6r Kiviksgraven Kungagraven\",\"isPartOf\":{\"@id\":\"https:\/\/www.bredaror.se\/#website\"},\"primaryImageOfPage\":{\"@id\":\"https:\/\/www.bredaror.se\/index.php\/oppettider-och-priser\/#primaryimage\"},\"image\":{\"@id\":\"https:\/\/www.bredaror.se\/index.php\/oppettider-och-priser\/#primaryimage\"},\"thumbnailUrl\":\"https:\/\/www.bredaror.se\/wp-content\/uploads\/2026\/04\/Oppettider-5.emf_.jpg\",\"datePublished\":\"2024-09-04T09:18:45+00:00\",\"dateModified\":\"2026-04-18T13:44:05+00:00\",\"breadcrumb\":{\"@id\":\"https:\/\/www.bredaror.se\/index.php\/oppettider-och-priser\/#breadcrumb\"},\"inLanguage\":\"sv-SE\",\"potentialAction\":[{\"@type\":\"ReadAction\",\"target\":[\"https:\/\/www.bredaror.se\/index.php\/oppettider-och-priser\/\"]}]},{\"@type\":\"ImageObject\",\"inLanguage\":\"sv-SE\",\"@id\":\"https:\/\/www.bredaror.se\/index.php\/oppettider-och-priser\/#primaryimage\",\"url\":\"https:\/\/www.bredaror.se\/wp-content\/uploads\/2026\/04\/Oppettider-5.emf_.jpg\",\"contentUrl\":\"https:\/\/www.bredaror.se\/wp-content\/uploads\/2026\/04\/Oppettider-5.emf_.jpg\",\"width\":565,\"height\":650},{\"@type\":\"BreadcrumbList\",\"@id\":\"https:\/\/www.bredaror.se\/index.php\/oppettider-och-priser\/#breadcrumb\",\"itemListElement\":[{\"@type\":\"ListItem\",\"position\":1,\"name\":\"Hem\",\"item\":\"https:\/\/www.bredaror.se\/\"},{\"@type\":\"ListItem\",\"position\":2,\"name\":\"\u00d6ppettider och priser\"}]},{\"@type\":\"WebSite\",\"@id\":\"https:\/\/www.bredaror.se\/#website\",\"url\":\"https:\/\/www.bredaror.se\/\",\"name\":\"Bredar\u00f6r Kiviksgraven Kungagraven\",\"description\":\"\",\"publisher\":{\"@id\":\"https:\/\/www.bredaror.se\/#organization\"},\"potentialAction\":[{\"@type\":\"SearchAction\",\"target\":{\"@type\":\"EntryPoint\",\"urlTemplate\":\"https:\/\/www.bredaror.se\/?s={search_term_string}\"},\"query-input\":{\"@type\":\"PropertyValueSpecification\",\"valueRequired\":true,\"valueName\":\"search_term_string\"}}],\"inLanguage\":\"sv-SE\"},{\"@type\":\"Organization\",\"@id\":\"https:\/\/www.bredaror.se\/#organization\",\"name\":\"Bredar\u00f6r Kiviksgraven Kungagraven\",\"url\":\"https:\/\/www.bredaror.se\/\",\"logo\":{\"@type\":\"ImageObject\",\"inLanguage\":\"sv-SE\",\"@id\":\"https:\/\/www.bredaror.se\/#\/schema\/logo\/image\/\",\"url\":\"https:\/\/www.bredaror.se\/wp-content\/uploads\/2024\/09\/cropped-Rod-logga-1.jpg\",\"contentUrl\":\"https:\/\/www.bredaror.se\/wp-content\/uploads\/2024\/09\/cropped-Rod-logga-1.jpg\",\"width\":250,\"height\":158,\"caption\":\"Bredar\u00f6r Kiviksgraven Kungagraven\"},\"image\":{\"@id\":\"https:\/\/www.bredaror.se\/#\/schema\/logo\/image\/\"},\"sameAs\":[\"https:\/\/facebook.com\/bredaror\",\"http:\/\/instagram.com\/kiviksgraven\"]}]}<\/script>\n<!-- \/ Yoast SEO plugin. -->","yoast_head_json":{"title":"\u00d6ppettider och priser - Bredar\u00f6r Kiviksgraven Kungagraven","robots":{"index":"index","follow":"follow","max-snippet":"max-snippet:-1","max-image-preview":"max-image-preview:large","max-video-preview":"max-video-preview:-1"},"canonical":"https:\/\/www.bredaror.se\/index.php\/oppettider-och-priser\/","og_locale":"sv_SE","og_type":"article","og_title":"\u00d6ppettider och priser - Bredar\u00f6r Kiviksgraven Kungagraven","og_description":"Skolor och grupper m\u00e5ste f\u00f6rboka &#8211; tryck h\u00e4r Vuxen\/Adult f.o.m16 \u00e5r och upp\/ from 16 years and upwards 45 kr Barn\/Children Till och med 15 \u00e5r\/Up to and including 15 years, max 2 barn\/vuxen\/Maximum 2 kids\/adult Gratis\/Free Skolbes\u00f6k\/Schools&nbsp; M\u00e5ste f\u00f6rbokas\/Must be prebooked L\u00e4s mer\/Read more L\u00e4s mer \u2026","og_url":"https:\/\/www.bredaror.se\/index.php\/oppettider-och-priser\/","og_site_name":"Bredar\u00f6r Kiviksgraven Kungagraven","article_publisher":"https:\/\/facebook.com\/bredaror","article_modified_time":"2026-04-18T13:44:05+00:00","og_image":[{"width":565,"height":650,"url":"https:\/\/www.bredaror.se\/wp-content\/uploads\/2026\/04\/Oppettider-5.emf_.jpg","type":"image\/jpeg"}],"twitter_card":"summary_large_image","twitter_misc":{"Ber\u00e4knad l\u00e4stid":"1 minut"},"schema":{"@context":"https:\/\/schema.org","@graph":[{"@type":"WebPage","@id":"https:\/\/www.bredaror.se\/index.php\/oppettider-och-priser\/","url":"https:\/\/www.bredaror.se\/index.php\/oppettider-och-priser\/","name":"\u00d6ppettider och priser - Bredar\u00f6r Kiviksgraven Kungagraven","isPartOf":{"@id":"https:\/\/www.bredaror.se\/#website"},"primaryImageOfPage":{"@id":"https:\/\/www.bredaror.se\/index.php\/oppettider-och-priser\/#primaryimage"},"image":{"@id":"https:\/\/www.bredaror.se\/index.php\/oppettider-och-priser\/#primaryimage"},"thumbnailUrl":"https:\/\/www.bredaror.se\/wp-content\/uploads\/2026\/04\/Oppettider-5.emf_.jpg","datePublished":"2024-09-04T09:18:45+00:00","dateModified":"2026-04-18T13:44:05+00:00","breadcrumb":{"@id":"https:\/\/www.bredaror.se\/index.php\/oppettider-och-priser\/#breadcrumb"},"inLanguage":"sv-SE","potentialAction":[{"@type":"ReadAction","target":["https:\/\/www.bredaror.se\/index.php\/oppettider-och-priser\/"]}]},{"@type":"ImageObject","inLanguage":"sv-SE","@id":"https:\/\/www.bredaror.se\/index.php\/oppettider-och-priser\/#primaryimage","url":"https:\/\/www.bredaror.se\/wp-content\/uploads\/2026\/04\/Oppettider-5.emf_.jpg","contentUrl":"https:\/\/www.bredaror.se\/wp-content\/uploads\/2026\/04\/Oppettider-5.emf_.jpg","width":565,"height":650},{"@type":"BreadcrumbList","@id":"https:\/\/www.bredaror.se\/index.php\/oppettider-och-priser\/#breadcrumb","itemListElement":[{"@type":"ListItem","position":1,"name":"Hem","item":"https:\/\/www.bredaror.se\/"},{"@type":"ListItem","position":2,"name":"\u00d6ppettider och priser"}]},{"@type":"WebSite","@id":"https:\/\/www.bredaror.se\/#website","url":"https:\/\/www.bredaror.se\/","name":"Bredar\u00f6r Kiviksgraven Kungagraven","description":"","publisher":{"@id":"https:\/\/www.bredaror.se\/#organization"},"potentialAction":[{"@type":"SearchAction","target":{"@type":"EntryPoint","urlTemplate":"https:\/\/www.bredaror.se\/?s={search_term_string}"},"query-input":{"@type":"PropertyValueSpecification","valueRequired":true,"valueName":"search_term_string"}}],"inLanguage":"sv-SE"},{"@type":"Organization","@id":"https:\/\/www.bredaror.se\/#organization","name":"Bredar\u00f6r Kiviksgraven Kungagraven","url":"https:\/\/www.bredaror.se\/","logo":{"@type":"ImageObject","inLanguage":"sv-SE","@id":"https:\/\/www.bredaror.se\/#\/schema\/logo\/image\/","url":"https:\/\/www.bredaror.se\/wp-content\/uploads\/2024\/09\/cropped-Rod-logga-1.jpg","contentUrl":"https:\/\/www.bredaror.se\/wp-content\/uploads\/2024\/09\/cropped-Rod-logga-1.jpg","width":250,"height":158,"caption":"Bredar\u00f6r Kiviksgraven Kungagraven"},"image":{"@id":"https:\/\/www.bredaror.se\/#\/schema\/logo\/image\/"},"sameAs":["https:\/\/facebook.com\/bredaror","http:\/\/instagram.com\/kiviksgraven"]}]}},"_links":{"self":[{"href":"https:\/\/www.bredaror.se\/index.php\/wp-json\/wp\/v2\/pages\/41","targetHints":{"allow":["GET"]}}],"collection":[{"href":"https:\/\/www.bredaror.se\/index.php\/wp-json\/wp\/v2\/pages"}],"about":[{"href":"https:\/\/www.bredaror.se\/index.php\/wp-json\/wp\/v2\/types\/page"}],"author":[{"embeddable":true,"href":"https:\/\/www.bredaror.se\/index.php\/wp-json\/wp\/v2\/users\/1"}],"replies":[{"embeddable":true,"href":"https:\/\/www.bredaror.se\/index.php\/wp-json\/wp\/v2\/comments?post=41"}],"version-history":[{"count":23,"href":"https:\/\/www.bredaror.se\/index.php\/wp-json\/wp\/v2\/pages\/41\/revisions"}],"predecessor-version":[{"id":152,"href":"https:\/\/www.bredaror.se\/index.php\/wp-json\/wp\/v2\/pages\/41\/revisions\/152"}],"wp:attachment":[{"href":"https:\/\/www.bredaror.se\/index.php\/wp-json\/wp\/v2\/media?parent=41"}],"curies":[{"name":"wp","href":"https:\/\/api.w.org\/{rel}","templated":true}]}}