{"id":10,"date":"2024-09-04T10:55:07","date_gmt":"2024-09-04T08:55:07","guid":{"rendered":"https:\/\/www.bredaror.se\/?page_id=10"},"modified":"2026-03-10T12:47:26","modified_gmt":"2026-03-10T11:47:26","slug":"bredaror-kiviksgraven-kungagraven","status":"publish","type":"page","link":"https:\/\/www.bredaror.se\/","title":{"rendered":"Bredar\u00f6r &#8211; Kiviksgraven &#8211; Kungagraven"},"content":{"rendered":"\n<p class=\"has-text-align-center has-text-color has-link-color wp-elements-2aced3610e553b3794f98751a1acef25\" style=\"color:#df1414\">. <\/p>\n\n\n\n<h4 class=\"wp-block-heading has-text-color has-link-color wp-elements-00ebd84d7612deaee506130ef47509e7\" style=\"color:#910d0d\"><strong>Varmt v\u00e4lkomna till Bredar\u00f6rs officiella hemsida<\/strong><\/h4>\n\n\n\n<h5 class=\"wp-block-heading\"><strong>Bredar\u00f6r, Kiviksgraven, Kungagraven \u00e4r n\u00e5gra av namnen p\u00e5 Nordens bredaste stenr\u00f6se. Den enda med kista med h\u00e4llbilder. En helt unik upplevelse med andra ord. <\/strong><\/h5>\n\n\n\n<h5 class=\"wp-block-heading\"><strong>Bredar\u00f6r \u00e4r ett r\u00f6se med dekorerad h\u00e4llkista fr\u00e5n brons\u00e5ldern. Den historia man valt att frysa i denna rekonstruktion \u00e4r fr\u00e5n 1 400 f Kr, den \u00e4ldre brons\u00e5ldern. Platsens historia \u00e4r dock l\u00e5ngt mycket mer \u00e4n s\u00e5. Fynd visar att platsen anv\u00e4nts som begravningsplats fr\u00e5n 5 500 f. Kr til<\/strong>l <strong>1 050 e. Kr. <\/strong><\/h5>\n\n\n\n<h5 class=\"wp-block-heading\"><strong>Vid ett bes\u00f6k h\u00e4r f\u00e5r man, under \u00f6ppettid, komma in till h\u00e4llkistan och uppleva de 3 400 \u00e5r gamla h\u00e4llbilderna.<\/strong> <\/h5>\n\n\n\n<h5 class=\"wp-block-heading\"><strong>L\u00e4s g\u00e4rna v\u00e5r korta information om platsen <a href=\"https:\/\/www.bredaror.se\/index.php\/kort-info-om-platsen\/\" data-type=\"page\" data-id=\"58\">h\u00e4r<\/a><\/strong><\/h5>\n\n\n\n<h2 class=\"wp-block-heading has-text-color has-link-color wp-elements-7c897841b3e7354ddc04c382e669347c\" style=\"color:#a2a2a2\"><strong>Sidan \u00e4r under \u00e5teruppbyggnad<\/strong><\/h2>\n\n\n\n<p><\/p>\n\n\n\n<p><\/p>\n\n\n\n<h4 class=\"wp-block-heading has-red-color has-text-color has-link-color wp-elements-8015e24bef42b1efd6ec54c4008ca166\"><strong>A warm welcome to the official website of Bredar\u00f6r<\/strong><\/h4>\n\n\n\n<h5 class=\"wp-block-heading\"><em><strong>Bredar\u00f6r, Kivik Grave, and King\u2019s Grave are some of the names given to the widest stone cairn in the Nordic region. It is the only one with a stone cist decorated with rock carvings. In other words, it is a completely unique experience.<\/strong><\/em><\/h5>\n\n\n\n<h5 class=\"wp-block-heading\"><em><strong>Bredar\u00f6r is a cairn with a decorated stone cist dating from the Bronze Age. The period chosen to be represented in this reconstruction is around 1400 BC, during the Early Bronze Age. However, the history of the site is far more extensive. Archaeological finds show that the site was used as a burial ground from 5500 BC to AD 1050.<\/strong><\/em><\/h5>\n\n\n\n<h5 class=\"wp-block-heading\"><em><strong>During opening hours, visitors are able to enter the stone cist and experience the 3,400-year-old rock carvings.<\/strong><\/em><\/h5>\n\n\n\n<h5 class=\"wp-block-heading\"><em><strong>Please feel free to read our short information about the site here.<\/strong><\/em><\/h5>\n\n\n\n<h2 class=\"wp-block-heading has-text-color has-link-color wp-elements-18984c04488bd504afad3d328aaa3f1e\" style=\"color:#909090\"><strong>The website is currently under reconstruction<\/strong><\/h2>\n\n\n\n<figure class=\"wp-block-image size-large\"><img loading=\"lazy\" decoding=\"async\" width=\"1024\" height=\"426\" src=\"https:\/\/www.bredaror.se\/wp-content\/uploads\/2024\/09\/cropped-Graven-1024x426.png\" alt=\"\" class=\"wp-image-38\" srcset=\"https:\/\/www.bredaror.se\/wp-content\/uploads\/2024\/09\/cropped-Graven-1024x426.png 1024w, https:\/\/www.bredaror.se\/wp-content\/uploads\/2024\/09\/cropped-Graven-300x125.png 300w, https:\/\/www.bredaror.se\/wp-content\/uploads\/2024\/09\/cropped-Graven-768x320.png 768w, https:\/\/www.bredaror.se\/wp-content\/uploads\/2024\/09\/cropped-Graven-1536x639.png 1536w, https:\/\/www.bredaror.se\/wp-content\/uploads\/2024\/09\/cropped-Graven.png 1920w\" sizes=\"auto, (max-width: 1024px) 100vw, 1024px\" \/><\/figure>\n\n\n\n<p><\/p>\n\n\n\n<figure class=\"wp-block-image size-large\"><img loading=\"lazy\" decoding=\"async\" width=\"1024\" height=\"683\" src=\"https:\/\/www.bredaror.se\/wp-content\/uploads\/2024\/09\/K_20120218_118-1024x683.jpg\" alt=\"\" class=\"wp-image-26\" srcset=\"https:\/\/www.bredaror.se\/wp-content\/uploads\/2024\/09\/K_20120218_118-1024x683.jpg 1024w, https:\/\/www.bredaror.se\/wp-content\/uploads\/2024\/09\/K_20120218_118-300x200.jpg 300w, https:\/\/www.bredaror.se\/wp-content\/uploads\/2024\/09\/K_20120218_118-768x512.jpg 768w, https:\/\/www.bredaror.se\/wp-content\/uploads\/2024\/09\/K_20120218_118-1536x1024.jpg 1536w, https:\/\/www.bredaror.se\/wp-content\/uploads\/2024\/09\/K_20120218_118-2048x1365.jpg 2048w\" sizes=\"auto, (max-width: 1024px) 100vw, 1024px\" \/><figcaption class=\"wp-element-caption\">Kiviksgraven, Kistan<\/figcaption><\/figure>\n\n\n\n<p><\/p>\n\n\n\n<figure class=\"wp-block-image size-large\"><img loading=\"lazy\" decoding=\"async\" width=\"1024\" height=\"683\" src=\"https:\/\/www.bredaror.se\/wp-content\/uploads\/2024\/09\/K_20120218_122-1024x683.jpg\" alt=\"\" class=\"wp-image-27\" srcset=\"https:\/\/www.bredaror.se\/wp-content\/uploads\/2024\/09\/K_20120218_122-1024x683.jpg 1024w, https:\/\/www.bredaror.se\/wp-content\/uploads\/2024\/09\/K_20120218_122-300x200.jpg 300w, https:\/\/www.bredaror.se\/wp-content\/uploads\/2024\/09\/K_20120218_122-768x512.jpg 768w, https:\/\/www.bredaror.se\/wp-content\/uploads\/2024\/09\/K_20120218_122-1536x1024.jpg 1536w, https:\/\/www.bredaror.se\/wp-content\/uploads\/2024\/09\/K_20120218_122-2048x1365.jpg 2048w\" sizes=\"auto, (max-width: 1024px) 100vw, 1024px\" \/><figcaption class=\"wp-element-caption\">Kiviksgraven, Kistan<\/figcaption><\/figure>\n","protected":false},"excerpt":{"rendered":"<p>. Varmt v\u00e4lkomna till Bredar\u00f6rs officiella hemsida Bredar\u00f6r, Kiviksgraven, Kungagraven \u00e4r n\u00e5gra av namnen p\u00e5 Nordens bredaste stenr\u00f6se. Den enda med kista med h\u00e4llbilder. En helt unik upplevelse med andra ord. Bredar\u00f6r \u00e4r ett r\u00f6se med dekorerad h\u00e4llkista fr\u00e5n brons\u00e5ldern. Den historia man valt att <span class=\"more-button\"><a class=\"button-minimal\" href=\"https:\/\/www.bredaror.se\/\">L\u00e4s mer \u2026<\/a><\/span><\/p>\n","protected":false},"author":1,"featured_media":16,"parent":0,"menu_order":0,"comment_status":"closed","ping_status":"closed","template":"","meta":{"om_disable_all_campaigns":false,"footnotes":""},"class_list":["post-10","page","type-page","status-publish","has-post-thumbnail","hentry"],"yoast_head":"<!-- This site is optimized with the Yoast SEO plugin v27.1.1 - https:\/\/yoast.com\/product\/yoast-seo-wordpress\/ -->\n<title>Bredar\u00f6r - Kiviksgraven - Kungagraven - Bredar\u00f6r Kiviksgraven Kungagraven<\/title>\n<meta name=\"robots\" content=\"index, follow, max-snippet:-1, max-image-preview:large, max-video-preview:-1\" \/>\n<link rel=\"canonical\" href=\"https:\/\/www.bredaror.se\/\" \/>\n<meta property=\"og:locale\" content=\"sv_SE\" \/>\n<meta property=\"og:type\" content=\"article\" \/>\n<meta property=\"og:title\" content=\"Bredar\u00f6r - Kiviksgraven - Kungagraven - Bredar\u00f6r Kiviksgraven Kungagraven\" \/>\n<meta property=\"og:description\" content=\". Varmt v\u00e4lkomna till Bredar\u00f6rs officiella hemsida Bredar\u00f6r, Kiviksgraven, Kungagraven \u00e4r n\u00e5gra av namnen p\u00e5 Nordens bredaste stenr\u00f6se. Den enda med kista med h\u00e4llbilder. En helt unik upplevelse med andra ord. Bredar\u00f6r \u00e4r ett r\u00f6se med dekorerad h\u00e4llkista fr\u00e5n brons\u00e5ldern. Den historia man valt att L\u00e4s mer \u2026\" \/>\n<meta property=\"og:url\" content=\"https:\/\/www.bredaror.se\/\" \/>\n<meta property=\"og:site_name\" content=\"Bredar\u00f6r Kiviksgraven Kungagraven\" \/>\n<meta property=\"article:publisher\" content=\"https:\/\/facebook.com\/bredaror\" \/>\n<meta property=\"article:modified_time\" content=\"2026-03-10T11:47:26+00:00\" \/>\n<meta property=\"og:image\" content=\"https:\/\/www.bredaror.se\/wp-content\/uploads\/2024\/09\/DJI_0015-1-scaled.jpg\" \/>\n\t<meta property=\"og:image:width\" content=\"2560\" \/>\n\t<meta property=\"og:image:height\" content=\"1440\" \/>\n\t<meta property=\"og:image:type\" content=\"image\/jpeg\" \/>\n<meta name=\"twitter:card\" content=\"summary_large_image\" \/>\n<meta name=\"twitter:label1\" content=\"Ber\u00e4knad l\u00e4stid\" \/>\n\t<meta name=\"twitter:data1\" content=\"3 minuter\" \/>\n<script type=\"application\/ld+json\" class=\"yoast-schema-graph\">{\"@context\":\"https:\/\/schema.org\",\"@graph\":[{\"@type\":\"WebPage\",\"@id\":\"https:\/\/www.bredaror.se\/\",\"url\":\"https:\/\/www.bredaror.se\/\",\"name\":\"Bredar\u00f6r - Kiviksgraven - Kungagraven - Bredar\u00f6r Kiviksgraven Kungagraven\",\"isPartOf\":{\"@id\":\"https:\/\/www.bredaror.se\/#website\"},\"primaryImageOfPage\":{\"@id\":\"https:\/\/www.bredaror.se\/#primaryimage\"},\"image\":{\"@id\":\"https:\/\/www.bredaror.se\/#primaryimage\"},\"thumbnailUrl\":\"https:\/\/www.bredaror.se\/wp-content\/uploads\/2024\/09\/DJI_0015-1-scaled.jpg\",\"datePublished\":\"2024-09-04T08:55:07+00:00\",\"dateModified\":\"2026-03-10T11:47:26+00:00\",\"breadcrumb\":{\"@id\":\"https:\/\/www.bredaror.se\/#breadcrumb\"},\"inLanguage\":\"sv-SE\",\"potentialAction\":[{\"@type\":\"ReadAction\",\"target\":[\"https:\/\/www.bredaror.se\/\"]}]},{\"@type\":\"ImageObject\",\"inLanguage\":\"sv-SE\",\"@id\":\"https:\/\/www.bredaror.se\/#primaryimage\",\"url\":\"https:\/\/www.bredaror.se\/wp-content\/uploads\/2024\/09\/DJI_0015-1-scaled.jpg\",\"contentUrl\":\"https:\/\/www.bredaror.se\/wp-content\/uploads\/2024\/09\/DJI_0015-1-scaled.jpg\",\"width\":2560,\"height\":1440,\"caption\":\"DCIM101MEDIADJI_0015.JPG\"},{\"@type\":\"BreadcrumbList\",\"@id\":\"https:\/\/www.bredaror.se\/#breadcrumb\",\"itemListElement\":[{\"@type\":\"ListItem\",\"position\":1,\"name\":\"Hem\",\"item\":\"https:\/\/www.bredaror.se\/\"},{\"@type\":\"ListItem\",\"position\":2,\"name\":\"Bredar\u00f6r &#8211; Kiviksgraven &#8211; Kungagraven\"}]},{\"@type\":\"WebSite\",\"@id\":\"https:\/\/www.bredaror.se\/#website\",\"url\":\"https:\/\/www.bredaror.se\/\",\"name\":\"Bredar\u00f6r Kiviksgraven Kungagraven\",\"description\":\"\",\"publisher\":{\"@id\":\"https:\/\/www.bredaror.se\/#organization\"},\"potentialAction\":[{\"@type\":\"SearchAction\",\"target\":{\"@type\":\"EntryPoint\",\"urlTemplate\":\"https:\/\/www.bredaror.se\/?s={search_term_string}\"},\"query-input\":{\"@type\":\"PropertyValueSpecification\",\"valueRequired\":true,\"valueName\":\"search_term_string\"}}],\"inLanguage\":\"sv-SE\"},{\"@type\":\"Organization\",\"@id\":\"https:\/\/www.bredaror.se\/#organization\",\"name\":\"Bredar\u00f6r Kiviksgraven Kungagraven\",\"url\":\"https:\/\/www.bredaror.se\/\",\"logo\":{\"@type\":\"ImageObject\",\"inLanguage\":\"sv-SE\",\"@id\":\"https:\/\/www.bredaror.se\/#\/schema\/logo\/image\/\",\"url\":\"https:\/\/www.bredaror.se\/wp-content\/uploads\/2024\/09\/cropped-Rod-logga-1.jpg\",\"contentUrl\":\"https:\/\/www.bredaror.se\/wp-content\/uploads\/2024\/09\/cropped-Rod-logga-1.jpg\",\"width\":250,\"height\":158,\"caption\":\"Bredar\u00f6r Kiviksgraven Kungagraven\"},\"image\":{\"@id\":\"https:\/\/www.bredaror.se\/#\/schema\/logo\/image\/\"},\"sameAs\":[\"https:\/\/facebook.com\/bredaror\",\"http:\/\/instagram.com\/kiviksgraven\"]}]}<\/script>\n<!-- \/ Yoast SEO plugin. -->","yoast_head_json":{"title":"Bredar\u00f6r - Kiviksgraven - Kungagraven - Bredar\u00f6r Kiviksgraven Kungagraven","robots":{"index":"index","follow":"follow","max-snippet":"max-snippet:-1","max-image-preview":"max-image-preview:large","max-video-preview":"max-video-preview:-1"},"canonical":"https:\/\/www.bredaror.se\/","og_locale":"sv_SE","og_type":"article","og_title":"Bredar\u00f6r - Kiviksgraven - Kungagraven - Bredar\u00f6r Kiviksgraven Kungagraven","og_description":". Varmt v\u00e4lkomna till Bredar\u00f6rs officiella hemsida Bredar\u00f6r, Kiviksgraven, Kungagraven \u00e4r n\u00e5gra av namnen p\u00e5 Nordens bredaste stenr\u00f6se. Den enda med kista med h\u00e4llbilder. En helt unik upplevelse med andra ord. Bredar\u00f6r \u00e4r ett r\u00f6se med dekorerad h\u00e4llkista fr\u00e5n brons\u00e5ldern. Den historia man valt att L\u00e4s mer \u2026","og_url":"https:\/\/www.bredaror.se\/","og_site_name":"Bredar\u00f6r Kiviksgraven Kungagraven","article_publisher":"https:\/\/facebook.com\/bredaror","article_modified_time":"2026-03-10T11:47:26+00:00","og_image":[{"width":2560,"height":1440,"url":"https:\/\/www.bredaror.se\/wp-content\/uploads\/2024\/09\/DJI_0015-1-scaled.jpg","type":"image\/jpeg"}],"twitter_card":"summary_large_image","twitter_misc":{"Ber\u00e4knad l\u00e4stid":"3 minuter"},"schema":{"@context":"https:\/\/schema.org","@graph":[{"@type":"WebPage","@id":"https:\/\/www.bredaror.se\/","url":"https:\/\/www.bredaror.se\/","name":"Bredar\u00f6r - Kiviksgraven - Kungagraven - Bredar\u00f6r Kiviksgraven Kungagraven","isPartOf":{"@id":"https:\/\/www.bredaror.se\/#website"},"primaryImageOfPage":{"@id":"https:\/\/www.bredaror.se\/#primaryimage"},"image":{"@id":"https:\/\/www.bredaror.se\/#primaryimage"},"thumbnailUrl":"https:\/\/www.bredaror.se\/wp-content\/uploads\/2024\/09\/DJI_0015-1-scaled.jpg","datePublished":"2024-09-04T08:55:07+00:00","dateModified":"2026-03-10T11:47:26+00:00","breadcrumb":{"@id":"https:\/\/www.bredaror.se\/#breadcrumb"},"inLanguage":"sv-SE","potentialAction":[{"@type":"ReadAction","target":["https:\/\/www.bredaror.se\/"]}]},{"@type":"ImageObject","inLanguage":"sv-SE","@id":"https:\/\/www.bredaror.se\/#primaryimage","url":"https:\/\/www.bredaror.se\/wp-content\/uploads\/2024\/09\/DJI_0015-1-scaled.jpg","contentUrl":"https:\/\/www.bredaror.se\/wp-content\/uploads\/2024\/09\/DJI_0015-1-scaled.jpg","width":2560,"height":1440,"caption":"DCIM101MEDIADJI_0015.JPG"},{"@type":"BreadcrumbList","@id":"https:\/\/www.bredaror.se\/#breadcrumb","itemListElement":[{"@type":"ListItem","position":1,"name":"Hem","item":"https:\/\/www.bredaror.se\/"},{"@type":"ListItem","position":2,"name":"Bredar\u00f6r &#8211; Kiviksgraven &#8211; Kungagraven"}]},{"@type":"WebSite","@id":"https:\/\/www.bredaror.se\/#website","url":"https:\/\/www.bredaror.se\/","name":"Bredar\u00f6r Kiviksgraven Kungagraven","description":"","publisher":{"@id":"https:\/\/www.bredaror.se\/#organization"},"potentialAction":[{"@type":"SearchAction","target":{"@type":"EntryPoint","urlTemplate":"https:\/\/www.bredaror.se\/?s={search_term_string}"},"query-input":{"@type":"PropertyValueSpecification","valueRequired":true,"valueName":"search_term_string"}}],"inLanguage":"sv-SE"},{"@type":"Organization","@id":"https:\/\/www.bredaror.se\/#organization","name":"Bredar\u00f6r Kiviksgraven Kungagraven","url":"https:\/\/www.bredaror.se\/","logo":{"@type":"ImageObject","inLanguage":"sv-SE","@id":"https:\/\/www.bredaror.se\/#\/schema\/logo\/image\/","url":"https:\/\/www.bredaror.se\/wp-content\/uploads\/2024\/09\/cropped-Rod-logga-1.jpg","contentUrl":"https:\/\/www.bredaror.se\/wp-content\/uploads\/2024\/09\/cropped-Rod-logga-1.jpg","width":250,"height":158,"caption":"Bredar\u00f6r Kiviksgraven Kungagraven"},"image":{"@id":"https:\/\/www.bredaror.se\/#\/schema\/logo\/image\/"},"sameAs":["https:\/\/facebook.com\/bredaror","http:\/\/instagram.com\/kiviksgraven"]}]}},"_links":{"self":[{"href":"https:\/\/www.bredaror.se\/index.php\/wp-json\/wp\/v2\/pages\/10","targetHints":{"allow":["GET"]}}],"collection":[{"href":"https:\/\/www.bredaror.se\/index.php\/wp-json\/wp\/v2\/pages"}],"about":[{"href":"https:\/\/www.bredaror.se\/index.php\/wp-json\/wp\/v2\/types\/page"}],"author":[{"embeddable":true,"href":"https:\/\/www.bredaror.se\/index.php\/wp-json\/wp\/v2\/users\/1"}],"replies":[{"embeddable":true,"href":"https:\/\/www.bredaror.se\/index.php\/wp-json\/wp\/v2\/comments?post=10"}],"version-history":[{"count":18,"href":"https:\/\/www.bredaror.se\/index.php\/wp-json\/wp\/v2\/pages\/10\/revisions"}],"predecessor-version":[{"id":134,"href":"https:\/\/www.bredaror.se\/index.php\/wp-json\/wp\/v2\/pages\/10\/revisions\/134"}],"wp:featuredmedia":[{"embeddable":true,"href":"https:\/\/www.bredaror.se\/index.php\/wp-json\/wp\/v2\/media\/16"}],"wp:attachment":[{"href":"https:\/\/www.bredaror.se\/index.php\/wp-json\/wp\/v2\/media?parent=10"}],"curies":[{"name":"wp","href":"https:\/\/api.w.org\/{rel}","templated":true}]}}